{"id":20,"date":"2023-10-25T15:42:26","date_gmt":"2023-10-25T13:42:26","guid":{"rendered":"http:\/\/sandbox.atelierskerene.fr\/sousdomaine\/our-services\/"},"modified":"2023-11-30T17:38:31","modified_gmt":"2023-11-30T16:38:31","slug":"services","status":"publish","type":"page","link":"https:\/\/sandbox.atelierskerene.fr\/sousdomaine\/services\/","title":{"rendered":"NOS SERVICES"},"content":{"rendered":"\t\t<div data-elementor-type=\"wp-page\" data-elementor-id=\"20\" class=\"elementor elementor-20\" data-elementor-post-type=\"page\">\n\t\t\t\t\t\t\t<div class=\"elementor-element elementor-element-25a8cae7 e-flex e-con-boxed e-con e-parent\" data-id=\"25a8cae7\" data-element_type=\"container\" data-settings=\"{&quot;content_width&quot;:&quot;boxed&quot;}\" data-core-v316-plus=\"true\">\n\t\t\t\t\t<div class=\"e-con-inner\">\n\t\t<div class=\"elementor-element elementor-element-1163c694 e-con-full e-flex e-con e-child\" data-id=\"1163c694\" data-element_type=\"container\" data-settings=\"{&quot;content_width&quot;:&quot;full&quot;}\">\n\t\t\t\t<div class=\"elementor-element elementor-element-37455a3 elementor-invisible elementor-widget elementor-widget-heading\" data-id=\"37455a3\" data-element_type=\"widget\" data-settings=\"{&quot;_animation&quot;:&quot;fadeIn&quot;}\" data-widget_type=\"heading.default\">\n\t\t\t\t<div class=\"elementor-widget-container\">\n\t\t\t<style>\/*! elementor - v3.18.0 - 08-12-2023 *\/\n.elementor-heading-title{padding:0;margin:0;line-height:1}.elementor-widget-heading .elementor-heading-title[class*=elementor-size-]>a{color:inherit;font-size:inherit;line-height:inherit}.elementor-widget-heading .elementor-heading-title.elementor-size-small{font-size:15px}.elementor-widget-heading .elementor-heading-title.elementor-size-medium{font-size:19px}.elementor-widget-heading .elementor-heading-title.elementor-size-large{font-size:29px}.elementor-widget-heading .elementor-heading-title.elementor-size-xl{font-size:39px}.elementor-widget-heading .elementor-heading-title.elementor-size-xxl{font-size:59px}<\/style><h1 class=\"elementor-heading-title elementor-size-default\">Nos services<\/h1>\t\t<\/div>\n\t\t\t\t<\/div>\n\t\t\t\t<div class=\"elementor-element elementor-element-3b43db54 elementor-widget elementor-widget-heading\" data-id=\"3b43db54\" data-element_type=\"widget\" data-widget_type=\"heading.default\">\n\t\t\t\t<div class=\"elementor-widget-container\">\n\t\t\t<h2 class=\"elementor-heading-title elementor-size-default\">Les Ateliers de K\u00e9r\u00e9n\u00e9 proposent plusieurs services de restauration et de r\u00e9paration de jantes autos et motos.\nUne offre de v\u00e9hicule de pr\u00eat a \u00e9galement \u00e9t\u00e9 mise en place : une voiture est disponible sur demande.<\/h2>\t\t<\/div>\n\t\t\t\t<\/div>\n\t\t\t\t<\/div>\n\t\t<div class=\"elementor-element elementor-element-1fca85c4 e-con-full e-flex e-con e-child\" data-id=\"1fca85c4\" data-element_type=\"container\" data-settings=\"{&quot;content_width&quot;:&quot;full&quot;,&quot;background_background&quot;:&quot;classic&quot;}\">\n\t\t\t\t<\/div>\n\t\t\t\t\t<\/div>\n\t\t\t\t<\/div>\n\t\t<div class=\"elementor-element elementor-element-d5db3cc e-flex e-con-boxed e-con e-parent\" data-id=\"d5db3cc\" data-element_type=\"container\" data-settings=\"{&quot;content_width&quot;:&quot;boxed&quot;}\" data-core-v316-plus=\"true\">\n\t\t\t\t\t<div class=\"e-con-inner\">\n\t\t\t\t<div class=\"elementor-element elementor-element-1695ae6 elementor-widget elementor-widget-heading\" data-id=\"1695ae6\" data-element_type=\"widget\" data-widget_type=\"heading.default\">\n\t\t\t\t<div class=\"elementor-widget-container\">\n\t\t\t<h3 class=\"elementor-heading-title elementor-size-default\">NOUS VOUS PROPOSONS<\/h3>\t\t<\/div>\n\t\t\t\t<\/div>\n\t\t\t\t\t<\/div>\n\t\t\t\t<\/div>\n\t\t<div class=\"elementor-element elementor-element-112ab63 e-flex e-con-boxed e-con e-parent\" data-id=\"112ab63\" data-element_type=\"container\" data-settings=\"{&quot;content_width&quot;:&quot;boxed&quot;}\" data-core-v316-plus=\"true\">\n\t\t\t\t\t<div class=\"e-con-inner\">\n\t\t\t\t<div class=\"elementor-element elementor-element-6841398 elementor-widget elementor-widget-image\" data-id=\"6841398\" data-element_type=\"widget\" data-widget_type=\"image.default\">\n\t\t\t\t<div class=\"elementor-widget-container\">\n\t\t\t<style>\/*! elementor - v3.18.0 - 08-12-2023 *\/\n.elementor-widget-image{text-align:center}.elementor-widget-image a{display:inline-block}.elementor-widget-image a img[src$=\".svg\"]{width:48px}.elementor-widget-image img{vertical-align:middle;display:inline-block}<\/style>\t\t\t\t\t\t\t\t\t\t\t\t<img decoding=\"async\" width=\"108\" height=\"18\" src=\"https:\/\/sandbox.atelierskerene.fr\/sousdomaine\/wp-content\/uploads\/2023\/11\/line-red.png\" class=\"attachment-large size-large wp-image-120\" alt=\"\" \/>\t\t\t\t\t\t\t\t\t\t\t\t\t\t\t<\/div>\n\t\t\t\t<\/div>\n\t\t\t\t\t<\/div>\n\t\t\t\t<\/div>\n\t\t<div class=\"elementor-element elementor-element-2efe4d6 e-flex e-con-boxed e-con e-parent\" data-id=\"2efe4d6\" data-element_type=\"container\" data-settings=\"{&quot;content_width&quot;:&quot;boxed&quot;}\" data-core-v316-plus=\"true\">\n\t\t\t\t\t<div class=\"e-con-inner\">\n\t\t\t\t<div class=\"elementor-element elementor-element-fcc4bf6 elementor-widget elementor-widget-text-editor\" data-id=\"fcc4bf6\" data-element_type=\"widget\" data-widget_type=\"text-editor.default\">\n\t\t\t\t<div class=\"elementor-widget-container\">\n\t\t\t<style>\/*! elementor - v3.18.0 - 08-12-2023 *\/\n.elementor-widget-text-editor.elementor-drop-cap-view-stacked .elementor-drop-cap{background-color:#69727d;color:#fff}.elementor-widget-text-editor.elementor-drop-cap-view-framed .elementor-drop-cap{color:#69727d;border:3px solid;background-color:transparent}.elementor-widget-text-editor:not(.elementor-drop-cap-view-default) .elementor-drop-cap{margin-top:8px}.elementor-widget-text-editor:not(.elementor-drop-cap-view-default) .elementor-drop-cap-letter{width:1em;height:1em}.elementor-widget-text-editor .elementor-drop-cap{float:left;text-align:center;line-height:1;font-size:50px}.elementor-widget-text-editor .elementor-drop-cap-letter{display:inline-block}<\/style>\t\t\t\t<p>La restauration de jantes autos et motos requiert des comp\u00e9tences sp\u00e9cifiques.<br \/>Les Ateliers de K\u00e9r\u00e9n\u00e9 proposent aux particuliers et aux professionnels une palette de services de\u00a0<a href=\"https:\/\/atelierskerene.fr\/services\/reparation-jante-alu\/\"><strong>r\u00e9paration<\/strong><\/a>,\u00a0<a href=\"https:\/\/atelierskerene.fr\/services\/renovation-jante-alu\/\"><strong>r\u00e9novation<\/strong><\/a>\u00a0et\u00a0<strong><a href=\"https:\/\/atelierskerene.fr\/services\/personnalisation-jantes-alu\/\">personnalisation<\/a><\/strong>\u00a0pour cela :\u00a0<a href=\"https:\/\/atelierskerene.fr\/services\/devoilage-redressage-jante\/\"><strong>d\u00e9voilage<\/strong><\/a>,\u00a0<strong><a href=\"https:\/\/atelierskerene.fr\/services\/la-soudure-jante-alu-et-le-rajout-de-matiere\/\">soudure<\/a><\/strong>,\u00a0<a href=\"https:\/\/atelierskerene.fr\/services\/rectification-surfacage-et-usinage-jantes-alu\/\"><strong>rectification<\/strong><\/a>,\u00a0<a href=\"https:\/\/atelierskerene.fr\/services\/decapage-et-sablage-de-jantes-alu\/\"><strong>sablage<\/strong><\/a>,\u00a0<a href=\"https:\/\/atelierskerene.fr\/services\/demontage-et-remontage-pneus-avec-equilibrage\/\"><strong>d\u00e9montage\/remontage des pneus avec \u00e9quilibrage<\/strong><\/a>\u00a0et\u00a0<a href=\"https:\/\/atelierskerene.fr\/services\/polissage-poncage-rotoponcage-jante-alu\/\"><strong>polissage<\/strong><\/a>,\u00a0<a href=\"https:\/\/atelierskerene.fr\/services\/peinture-thermolaquage-finition-bi-colore-jantes\/\"><strong>peinture thermolaquage et finition bi-colore<\/strong><\/a>\u00a0de jantes alu \/ alliage, jantes en t\u00f4le et jantes magn\u00e9sium pour auto et moto. Un v\u00e9hicule de pr\u00eat est \u00e9galement \u00e0 disposition des clients.<br \/>Poussez donc les portes de cet atelier authentique pour toutes vos r\u00e9parations de jantes.<\/p>\t\t\t\t\t\t<\/div>\n\t\t\t\t<\/div>\n\t\t\t\t<div class=\"elementor-element elementor-element-668306b elementor-align-center elementor-invisible elementor-widget elementor-widget-button\" data-id=\"668306b\" data-element_type=\"widget\" data-settings=\"{&quot;_animation&quot;:&quot;fadeIn&quot;,&quot;_animation_delay&quot;:400}\" data-widget_type=\"button.default\">\n\t\t\t\t<div class=\"elementor-widget-container\">\n\t\t\t\t\t<div class=\"elementor-button-wrapper\">\n\t\t\t<a class=\"elementor-button elementor-button-link elementor-size-sm\" href=\"https:\/\/sandbox.atelierskerene.fr\/sousdomaine\/contactez-les-ateliers-de-kerene\/\">\n\t\t\t\t\t\t<span class=\"elementor-button-content-wrapper\">\n\t\t\t\t\t\t<span class=\"elementor-button-text\">Contactez nous maintenant<\/span>\n\t\t<\/span>\n\t\t\t\t\t<\/a>\n\t\t<\/div>\n\t\t\t\t<\/div>\n\t\t\t\t<\/div>\n\t\t\t\t\t<\/div>\n\t\t\t\t<\/div>\n\t\t<div class=\"elementor-element elementor-element-346a293 e-flex e-con-boxed e-con e-parent\" data-id=\"346a293\" data-element_type=\"container\" data-settings=\"{&quot;content_width&quot;:&quot;boxed&quot;}\" data-core-v316-plus=\"true\">\n\t\t\t\t\t<div class=\"e-con-inner\">\n\t\t\t\t<div class=\"elementor-element elementor-element-0096db5 elementor-widget elementor-widget-heading\" data-id=\"0096db5\" data-element_type=\"widget\" data-widget_type=\"heading.default\">\n\t\t\t\t<div class=\"elementor-widget-container\">\n\t\t\t<h3 class=\"elementor-heading-title elementor-size-default\">TOUS NOS SERVICES<\/h3>\t\t<\/div>\n\t\t\t\t<\/div>\n\t\t\t\t<div class=\"elementor-element elementor-element-4f3029f elementor-widget elementor-widget-image\" data-id=\"4f3029f\" data-element_type=\"widget\" data-widget_type=\"image.default\">\n\t\t\t\t<div class=\"elementor-widget-container\">\n\t\t\t\t\t\t\t\t\t\t\t\t\t\t\t<img decoding=\"async\" width=\"108\" height=\"18\" src=\"https:\/\/sandbox.atelierskerene.fr\/sousdomaine\/wp-content\/uploads\/2023\/11\/line-red.png\" class=\"attachment-large size-large wp-image-120\" alt=\"\" \/>\t\t\t\t\t\t\t\t\t\t\t\t\t\t\t<\/div>\n\t\t\t\t<\/div>\n\t\t\t\t<div class=\"elementor-element elementor-element-ae86e87 elementor-widget elementor-widget-text-editor\" data-id=\"ae86e87\" data-element_type=\"widget\" data-widget_type=\"text-editor.default\">\n\t\t\t\t<div class=\"elementor-widget-container\">\n\t\t\t\t\t\t\t<p>Les Ateliers de K\u00e9r\u00e9n\u00e9 proposent plusieurs services de restauration et de r\u00e9paration de jantes autos et motos.<\/p><p>Une offre de v\u00e9hicule de pr\u00eat a \u00e9galement \u00e9t\u00e9 mise en place : une voiture est disponible sur demande.<\/p>\t\t\t\t\t\t<\/div>\n\t\t\t\t<\/div>\n\t\t\t\t\t<\/div>\n\t\t\t\t<\/div>\n\t\t<div class=\"elementor-element elementor-element-0cad963 e-flex e-con-boxed e-con e-child\" data-id=\"0cad963\" data-element_type=\"container\" data-settings=\"{&quot;content_width&quot;:&quot;boxed&quot;}\">\n\t\t\t\t\t<div class=\"e-con-inner\">\n\t\t\t\t<div class=\"elementor-element elementor-element-0113819 elementor-widget-tablet__width-initial elementor-widget-mobile__width-inherit elementor-widget__width-initial elementor-position-top elementor-widget elementor-widget-image-box\" data-id=\"0113819\" data-element_type=\"widget\" data-widget_type=\"image-box.default\">\n\t\t\t\t<div class=\"elementor-widget-container\">\n\t\t\t<style>\/*! elementor - v3.18.0 - 08-12-2023 *\/\n.elementor-widget-image-box .elementor-image-box-content{width:100%}@media (min-width:768px){.elementor-widget-image-box.elementor-position-left .elementor-image-box-wrapper,.elementor-widget-image-box.elementor-position-right .elementor-image-box-wrapper{display:flex}.elementor-widget-image-box.elementor-position-right .elementor-image-box-wrapper{text-align:right;flex-direction:row-reverse}.elementor-widget-image-box.elementor-position-left .elementor-image-box-wrapper{text-align:left;flex-direction:row}.elementor-widget-image-box.elementor-position-top .elementor-image-box-img{margin:auto}.elementor-widget-image-box.elementor-vertical-align-top .elementor-image-box-wrapper{align-items:flex-start}.elementor-widget-image-box.elementor-vertical-align-middle .elementor-image-box-wrapper{align-items:center}.elementor-widget-image-box.elementor-vertical-align-bottom .elementor-image-box-wrapper{align-items:flex-end}}@media (max-width:767px){.elementor-widget-image-box .elementor-image-box-img{margin-left:auto!important;margin-right:auto!important;margin-bottom:15px}}.elementor-widget-image-box .elementor-image-box-img{display:inline-block}.elementor-widget-image-box .elementor-image-box-title a{color:inherit}.elementor-widget-image-box .elementor-image-box-wrapper{text-align:center}.elementor-widget-image-box .elementor-image-box-description{margin:0}<\/style><div class=\"elementor-image-box-wrapper\"><figure class=\"elementor-image-box-img\"><a href=\"https:\/\/atelierskerene.fr\/services\/reparation-jante-alu\/\" tabindex=\"-1\"><img decoding=\"async\" width=\"86\" height=\"86\" src=\"https:\/\/sandbox.atelierskerene.fr\/sousdomaine\/wp-content\/uploads\/2023\/11\/devoilage.png\" class=\"elementor-animation-grow attachment-full size-full wp-image-133\" alt=\"\" \/><\/a><\/figure><div class=\"elementor-image-box-content\"><h4 class=\"elementor-image-box-title\"><a href=\"https:\/\/atelierskerene.fr\/services\/reparation-jante-alu\/\">R\u00c9PARATION<\/a><\/h4><\/div><\/div>\t\t<\/div>\n\t\t\t\t<\/div>\n\t\t\t\t<div class=\"elementor-element elementor-element-aa3f9f4 elementor-widget-tablet__width-initial elementor-widget-mobile__width-inherit elementor-widget__width-initial elementor-position-top elementor-widget elementor-widget-image-box\" data-id=\"aa3f9f4\" data-element_type=\"widget\" data-widget_type=\"image-box.default\">\n\t\t\t\t<div class=\"elementor-widget-container\">\n\t\t\t<div class=\"elementor-image-box-wrapper\"><figure class=\"elementor-image-box-img\"><a href=\"https:\/\/atelierskerene.fr\/services\/renovation-jante-alu\/\" tabindex=\"-1\"><img decoding=\"async\" width=\"86\" height=\"86\" src=\"https:\/\/sandbox.atelierskerene.fr\/sousdomaine\/wp-content\/uploads\/2023\/11\/montage.png\" class=\"elementor-animation-grow attachment-full size-full wp-image-132\" alt=\"\" \/><\/a><\/figure><div class=\"elementor-image-box-content\"><h4 class=\"elementor-image-box-title\"><a href=\"https:\/\/atelierskerene.fr\/services\/renovation-jante-alu\/\">R\u00c9NOVATION<\/a><\/h4><\/div><\/div>\t\t<\/div>\n\t\t\t\t<\/div>\n\t\t\t\t<div class=\"elementor-element elementor-element-4aa7f5c elementor-widget-tablet__width-initial elementor-widget-mobile__width-inherit elementor-widget__width-initial elementor-position-top elementor-widget elementor-widget-image-box\" data-id=\"4aa7f5c\" data-element_type=\"widget\" data-widget_type=\"image-box.default\">\n\t\t\t\t<div class=\"elementor-widget-container\">\n\t\t\t<div class=\"elementor-image-box-wrapper\"><figure class=\"elementor-image-box-img\"><a href=\"https:\/\/atelierskerene.fr\/services\/devoilage-redressage-jante\/\" tabindex=\"-1\"><img loading=\"lazy\" decoding=\"async\" width=\"86\" height=\"86\" src=\"https:\/\/sandbox.atelierskerene.fr\/sousdomaine\/wp-content\/uploads\/2023\/11\/peinture.png\" class=\"elementor-animation-grow attachment-full size-full wp-image-131\" alt=\"\" \/><\/a><\/figure><div class=\"elementor-image-box-content\"><h4 class=\"elementor-image-box-title\"><a href=\"https:\/\/atelierskerene.fr\/services\/devoilage-redressage-jante\/\">D\u00c9VOILAGE<\/a><\/h4><\/div><\/div>\t\t<\/div>\n\t\t\t\t<\/div>\n\t\t\t\t<div class=\"elementor-element elementor-element-cd50e05 elementor-widget-tablet__width-initial elementor-widget-mobile__width-inherit elementor-widget__width-initial elementor-position-top elementor-widget elementor-widget-image-box\" data-id=\"cd50e05\" data-element_type=\"widget\" data-widget_type=\"image-box.default\">\n\t\t\t\t<div class=\"elementor-widget-container\">\n\t\t\t<div class=\"elementor-image-box-wrapper\"><figure class=\"elementor-image-box-img\"><a href=\"https:\/\/atelierskerene.fr\/services\/la-soudure-jante-alu-et-le-rajout-de-matiere\/\" tabindex=\"-1\"><img loading=\"lazy\" decoding=\"async\" width=\"86\" height=\"86\" src=\"https:\/\/sandbox.atelierskerene.fr\/sousdomaine\/wp-content\/uploads\/2023\/11\/personnalisation.png\" class=\"elementor-animation-grow attachment-full size-full wp-image-130\" alt=\"\" \/><\/a><\/figure><div class=\"elementor-image-box-content\"><h4 class=\"elementor-image-box-title\"><a href=\"https:\/\/atelierskerene.fr\/services\/la-soudure-jante-alu-et-le-rajout-de-matiere\/\">SOUDURE<\/a><\/h4><\/div><\/div>\t\t<\/div>\n\t\t\t\t<\/div>\n\t\t\t\t<div class=\"elementor-element elementor-element-9ea3db1 elementor-widget-tablet__width-initial elementor-widget-mobile__width-inherit elementor-widget__width-initial elementor-position-top elementor-widget elementor-widget-image-box\" data-id=\"9ea3db1\" data-element_type=\"widget\" data-widget_type=\"image-box.default\">\n\t\t\t\t<div class=\"elementor-widget-container\">\n\t\t\t<div class=\"elementor-image-box-wrapper\"><figure class=\"elementor-image-box-img\"><a href=\"https:\/\/atelierskerene.fr\/services\/rectification-surfacage-et-usinage-jantes-alu\/\" tabindex=\"-1\"><img loading=\"lazy\" decoding=\"async\" width=\"86\" height=\"86\" src=\"https:\/\/sandbox.atelierskerene.fr\/sousdomaine\/wp-content\/uploads\/2023\/11\/polissage.png\" class=\"elementor-animation-grow attachment-full size-full wp-image-129\" alt=\"\" \/><\/a><\/figure><div class=\"elementor-image-box-content\"><h4 class=\"elementor-image-box-title\"><a href=\"https:\/\/atelierskerene.fr\/services\/rectification-surfacage-et-usinage-jantes-alu\/\">RECTIFICATION<\/a><\/h4><\/div><\/div>\t\t<\/div>\n\t\t\t\t<\/div>\n\t\t\t\t\t<\/div>\n\t\t\t\t<\/div>\n\t\t<div class=\"elementor-element elementor-element-22922a1 e-flex e-con-boxed e-con e-child\" data-id=\"22922a1\" data-element_type=\"container\" data-settings=\"{&quot;content_width&quot;:&quot;boxed&quot;}\">\n\t\t\t\t\t<div class=\"e-con-inner\">\n\t\t\t\t<div class=\"elementor-element elementor-element-1b73bf6 elementor-widget-tablet__width-initial elementor-widget-mobile__width-inherit elementor-widget__width-initial elementor-position-top elementor-widget elementor-widget-image-box\" data-id=\"1b73bf6\" data-element_type=\"widget\" data-widget_type=\"image-box.default\">\n\t\t\t\t<div class=\"elementor-widget-container\">\n\t\t\t<div class=\"elementor-image-box-wrapper\"><figure class=\"elementor-image-box-img\"><a href=\"https:\/\/atelierskerene.fr\/services\/decapage-et-sablage-de-jantes-alu\/\" tabindex=\"-1\"><img loading=\"lazy\" decoding=\"async\" width=\"86\" height=\"86\" src=\"https:\/\/sandbox.atelierskerene.fr\/sousdomaine\/wp-content\/uploads\/2023\/11\/rectification.png\" class=\"elementor-animation-grow attachment-full size-full wp-image-128\" alt=\"\" \/><\/a><\/figure><div class=\"elementor-image-box-content\"><h4 class=\"elementor-image-box-title\"><a href=\"https:\/\/atelierskerene.fr\/services\/decapage-et-sablage-de-jantes-alu\/\">SABLAGE<\/a><\/h4><\/div><\/div>\t\t<\/div>\n\t\t\t\t<\/div>\n\t\t\t\t<div class=\"elementor-element elementor-element-a9556a2 elementor-widget-tablet__width-initial elementor-widget-mobile__width-inherit elementor-widget__width-initial elementor-position-top elementor-widget elementor-widget-image-box\" data-id=\"a9556a2\" data-element_type=\"widget\" data-widget_type=\"image-box.default\">\n\t\t\t\t<div class=\"elementor-widget-container\">\n\t\t\t<div class=\"elementor-image-box-wrapper\"><figure class=\"elementor-image-box-img\"><a href=\"https:\/\/atelierskerene.fr\/services\/demontage-et-remontage-pneus-avec-equilibrage\/\" tabindex=\"-1\"><img loading=\"lazy\" decoding=\"async\" width=\"86\" height=\"86\" src=\"https:\/\/sandbox.atelierskerene.fr\/sousdomaine\/wp-content\/uploads\/2023\/11\/renovation.png\" class=\"elementor-animation-grow attachment-full size-full wp-image-127\" alt=\"\" \/><\/a><\/figure><div class=\"elementor-image-box-content\"><h4 class=\"elementor-image-box-title\"><a href=\"https:\/\/atelierskerene.fr\/services\/demontage-et-remontage-pneus-avec-equilibrage\/\">(D\u00c9) MONTAGE ET \u00c9QUILIBRAGE<\/a><\/h4><\/div><\/div>\t\t<\/div>\n\t\t\t\t<\/div>\n\t\t\t\t<div class=\"elementor-element elementor-element-cbc089e elementor-widget-tablet__width-initial elementor-widget-mobile__width-inherit elementor-widget__width-initial elementor-position-top elementor-widget elementor-widget-image-box\" data-id=\"cbc089e\" data-element_type=\"widget\" data-widget_type=\"image-box.default\">\n\t\t\t\t<div class=\"elementor-widget-container\">\n\t\t\t<div class=\"elementor-image-box-wrapper\"><figure class=\"elementor-image-box-img\"><a href=\"https:\/\/atelierskerene.fr\/services\/polissage-poncage-rotoponcage-jante-alu\/\" tabindex=\"-1\"><img loading=\"lazy\" decoding=\"async\" width=\"86\" height=\"86\" src=\"https:\/\/sandbox.atelierskerene.fr\/sousdomaine\/wp-content\/uploads\/2023\/11\/reparation.png\" class=\"elementor-animation-grow attachment-full size-full wp-image-126\" alt=\"reparation\" \/><\/a><\/figure><div class=\"elementor-image-box-content\"><h4 class=\"elementor-image-box-title\"><a href=\"https:\/\/atelierskerene.fr\/services\/polissage-poncage-rotoponcage-jante-alu\/\">POLISSAGE<\/a><\/h4><\/div><\/div>\t\t<\/div>\n\t\t\t\t<\/div>\n\t\t\t\t<div class=\"elementor-element elementor-element-19b152c elementor-widget-tablet__width-initial elementor-widget-mobile__width-inherit elementor-widget__width-initial elementor-position-top elementor-widget elementor-widget-image-box\" data-id=\"19b152c\" data-element_type=\"widget\" data-widget_type=\"image-box.default\">\n\t\t\t\t<div class=\"elementor-widget-container\">\n\t\t\t<div class=\"elementor-image-box-wrapper\"><figure class=\"elementor-image-box-img\"><a href=\"https:\/\/atelierskerene.fr\/services\/peinture-thermolaquage-finition-bi-colore-jantes\/\" tabindex=\"-1\"><img loading=\"lazy\" decoding=\"async\" width=\"86\" height=\"86\" src=\"https:\/\/sandbox.atelierskerene.fr\/sousdomaine\/wp-content\/uploads\/2023\/11\/sablage.png\" class=\"elementor-animation-grow attachment-full size-full wp-image-125\" alt=\"\" \/><\/a><\/figure><div class=\"elementor-image-box-content\"><h4 class=\"elementor-image-box-title\"><a href=\"https:\/\/atelierskerene.fr\/services\/peinture-thermolaquage-finition-bi-colore-jantes\/\">PEINTURE VERMICUL\u00c9E ET THERMOLAQUAGE<\/a><\/h4><\/div><\/div>\t\t<\/div>\n\t\t\t\t<\/div>\n\t\t\t\t<div class=\"elementor-element elementor-element-c4aac02 elementor-widget-tablet__width-initial elementor-widget-mobile__width-inherit elementor-widget__width-initial elementor-position-top elementor-widget elementor-widget-image-box\" data-id=\"c4aac02\" data-element_type=\"widget\" data-widget_type=\"image-box.default\">\n\t\t\t\t<div class=\"elementor-widget-container\">\n\t\t\t<div class=\"elementor-image-box-wrapper\"><figure class=\"elementor-image-box-img\"><a href=\"https:\/\/atelierskerene.fr\/services\/personnalisation-jantes-alu\/\" tabindex=\"-1\"><img loading=\"lazy\" decoding=\"async\" width=\"86\" height=\"86\" src=\"https:\/\/sandbox.atelierskerene.fr\/sousdomaine\/wp-content\/uploads\/2023\/11\/soudure.png\" class=\"elementor-animation-grow attachment-full size-full wp-image-124\" alt=\"\" \/><\/a><\/figure><div class=\"elementor-image-box-content\"><h4 class=\"elementor-image-box-title\"><a href=\"https:\/\/atelierskerene.fr\/services\/personnalisation-jantes-alu\/\">PERSONNALISATION<\/a><\/h4><\/div><\/div>\t\t<\/div>\n\t\t\t\t<\/div>\n\t\t\t\t\t<\/div>\n\t\t\t\t<\/div>\n\t\t\t\t\t\t\t<\/div>\n\t\t","protected":false},"excerpt":{"rendered":"<p>Nos services Les Ateliers de K\u00e9r\u00e9n\u00e9 proposent plusieurs services de restauration et de r\u00e9paration de jantes autos et motos. Une offre de v\u00e9hicule de pr\u00eat a \u00e9galement \u00e9t\u00e9 mise en place : une voiture est disponible sur demande. NOUS VOUS PROPOSONS La restauration de jantes autos et motos requiert des comp\u00e9tences sp\u00e9cifiques.Les Ateliers de K\u00e9r\u00e9n\u00e9 [&hellip;]<\/p>\n","protected":false},"author":1,"featured_media":0,"parent":0,"menu_order":0,"comment_status":"closed","ping_status":"closed","template":"elementor_header_footer","meta":{"footnotes":""},"class_list":["post-20","page","type-page","status-publish","hentry"],"_links":{"self":[{"href":"https:\/\/sandbox.atelierskerene.fr\/sousdomaine\/wp-json\/wp\/v2\/pages\/20","targetHints":{"allow":["GET"]}}],"collection":[{"href":"https:\/\/sandbox.atelierskerene.fr\/sousdomaine\/wp-json\/wp\/v2\/pages"}],"about":[{"href":"https:\/\/sandbox.atelierskerene.fr\/sousdomaine\/wp-json\/wp\/v2\/types\/page"}],"author":[{"embeddable":true,"href":"https:\/\/sandbox.atelierskerene.fr\/sousdomaine\/wp-json\/wp\/v2\/users\/1"}],"replies":[{"embeddable":true,"href":"https:\/\/sandbox.atelierskerene.fr\/sousdomaine\/wp-json\/wp\/v2\/comments?post=20"}],"version-history":[{"count":53,"href":"https:\/\/sandbox.atelierskerene.fr\/sousdomaine\/wp-json\/wp\/v2\/pages\/20\/revisions"}],"predecessor-version":[{"id":960,"href":"https:\/\/sandbox.atelierskerene.fr\/sousdomaine\/wp-json\/wp\/v2\/pages\/20\/revisions\/960"}],"wp:attachment":[{"href":"https:\/\/sandbox.atelierskerene.fr\/sousdomaine\/wp-json\/wp\/v2\/media?parent=20"}],"curies":[{"name":"wp","href":"https:\/\/api.w.org\/{rel}","templated":true}]}}